{"id":476,"date":"2020-11-26T12:58:12","date_gmt":"2020-11-26T12:58:12","guid":{"rendered":"https:\/\/www.workforce.lv\/?page_id=476"},"modified":"2023-11-18T14:44:32","modified_gmt":"2023-11-18T14:44:32","slug":"rekryteringsprocess","status":"publish","type":"page","link":"https:\/\/workforce-bemanning.se\/en\/recruitment-process\/","title":{"rendered":"Recruitment process"},"content":{"rendered":"<div data-elementor-type=\"wp-page\" data-elementor-id=\"476\" class=\"elementor elementor-476\" data-elementor-post-type=\"page\">\n\t\t\t\t\t\t<section class=\"elementor-section elementor-top-section elementor-element elementor-element-2b77b951 elementor-section-height-min-height animated-slow elementor-section-boxed elementor-section-height-default elementor-section-items-middle elementor-invisible\" data-id=\"2b77b951\" data-element_type=\"section\" data-e-type=\"section\" data-settings=\"{&quot;background_background&quot;:&quot;classic&quot;,&quot;animation&quot;:&quot;fadeIn&quot;}\">\n\t\t\t\t\t\t\t<div class=\"elementor-background-overlay\"><\/div>\n\t\t\t\t\t\t\t<div class=\"elementor-container elementor-column-gap-default\">\n\t\t\t\t\t<div class=\"elementor-column elementor-col-100 elementor-top-column elementor-element elementor-element-6c970f9c\" data-id=\"6c970f9c\" data-element_type=\"column\" data-e-type=\"column\">\n\t\t\t<div class=\"elementor-widget-wrap elementor-element-populated\">\n\t\t\t\t\t\t<div class=\"elementor-element elementor-element-60bf634 elementor-invisible elementor-widget elementor-widget-heading\" data-id=\"60bf634\" data-element_type=\"widget\" data-e-type=\"widget\" data-settings=\"{&quot;_animation&quot;:&quot;fadeIn&quot;,&quot;_animation_delay&quot;:300}\" data-widget_type=\"heading.default\">\n\t\t\t\t<div class=\"elementor-widget-container\">\n\t\t\t\t\t<h1 class=\"elementor-heading-title elementor-size-default\">The recruitment process<\/h1>\t\t\t\t<\/div>\n\t\t\t\t<\/div>\n\t\t\t\t<div class=\"elementor-element elementor-element-9782b8f elementor-widget__width-auto elementor-invisible elementor-widget elementor-widget-button\" data-id=\"9782b8f\" data-element_type=\"widget\" data-e-type=\"widget\" data-settings=\"{&quot;_animation&quot;:&quot;fadeIn&quot;,&quot;_animation_delay&quot;:500}\" data-widget_type=\"button.default\">\n\t\t\t\t<div class=\"elementor-widget-container\">\n\t\t\t\t\t\t\t\t\t<div class=\"elementor-button-wrapper\">\n\t\t\t\t\t<a class=\"elementor-button elementor-button-link elementor-size-sm\" href=\"#kontakta-oss\">\n\t\t\t\t\t\t<span class=\"elementor-button-content-wrapper\">\n\t\t\t\t\t\t\t\t\t<span class=\"elementor-button-text\">Contact Us<\/span>\n\t\t\t\t\t<\/span>\n\t\t\t\t\t<\/a>\n\t\t\t\t<\/div>\n\t\t\t\t\t\t\t\t<\/div>\n\t\t\t\t<\/div>\n\t\t\t\t<div class=\"elementor-element elementor-element-709f03b8 elementor-widget__width-auto elementor-invisible elementor-widget elementor-widget-button\" data-id=\"709f03b8\" data-element_type=\"widget\" data-e-type=\"widget\" data-settings=\"{&quot;_animation&quot;:&quot;fadeIn&quot;,&quot;_animation_delay&quot;:500}\" data-widget_type=\"button.default\">\n\t\t\t\t<div class=\"elementor-widget-container\">\n\t\t\t\t\t\t\t\t\t<div class=\"elementor-button-wrapper\">\n\t\t\t\t\t<a class=\"elementor-button elementor-button-link elementor-size-sm\" href=\"https:\/\/workforce-bemanning.se\/en\/the-quotation-request\/\">\n\t\t\t\t\t\t<span class=\"elementor-button-content-wrapper\">\n\t\t\t\t\t\t\t\t\t<span class=\"elementor-button-text\">Quotation request<\/span>\n\t\t\t\t\t<\/span>\n\t\t\t\t\t<\/a>\n\t\t\t\t<\/div>\n\t\t\t\t\t\t\t\t<\/div>\n\t\t\t\t<\/div>\n\t\t\t\t\t<\/div>\n\t\t<\/div>\n\t\t\t\t\t<\/div>\n\t\t<\/section>\n\t\t\t\t<section class=\"elementor-section elementor-top-section elementor-element elementor-element-184fe3b6 elementor-section-boxed elementor-section-height-default elementor-section-height-default\" data-id=\"184fe3b6\" data-element_type=\"section\" data-e-type=\"section\" data-settings=\"{&quot;background_background&quot;:&quot;classic&quot;}\">\n\t\t\t\t\t\t\t<div class=\"elementor-background-overlay\"><\/div>\n\t\t\t\t\t\t\t<div class=\"elementor-container elementor-column-gap-wider\">\n\t\t\t\t\t<div class=\"elementor-column elementor-col-50 elementor-top-column elementor-element elementor-element-48fb1d83\" data-id=\"48fb1d83\" data-element_type=\"column\" data-e-type=\"column\">\n\t\t\t<div class=\"elementor-widget-wrap elementor-element-populated\">\n\t\t\t\t\t\t<div class=\"elementor-element elementor-element-589d3781 elementor-widget elementor-widget-text-editor\" data-id=\"589d3781\" data-element_type=\"widget\" data-e-type=\"widget\" data-widget_type=\"text-editor.default\">\n\t\t\t\t<div class=\"elementor-widget-container\">\n\t\t\t\t\t\t\t\t\t<p class=\"p1\">In a recruitment process, the recruiter together with you as the customer compiles a requirements specification to find exactly what is required for the position.<\/p><p class=\"p1\">An advertisement is written and published by the recruiter describing both the person being sought and the position to be filled. Selection work and the search start with the aim of finding and attracting interesting candidates.<\/p><p class=\"p1\">The recruiter then holds telephone interviews with the current candidates as well as in-depth interviews of matching final candidates.<\/p><p class=\"p1\">Selected tests are carried out in order to identify relevant facts. For example, work style, the candidate&#039;s level of motivation, behavior or logical analytical ability in the recruitment process<\/p>\t\t\t\t\t\t\t\t<\/div>\n\t\t\t\t<\/div>\n\t\t\t\t\t<\/div>\n\t\t<\/div>\n\t\t\t\t<div class=\"elementor-column elementor-col-50 elementor-top-column elementor-element elementor-element-a2b8fb3\" data-id=\"a2b8fb3\" data-element_type=\"column\" data-e-type=\"column\">\n\t\t\t<div class=\"elementor-widget-wrap elementor-element-populated\">\n\t\t\t\t\t\t<div class=\"elementor-element elementor-element-b1df68b elementor-widget elementor-widget-text-editor\" data-id=\"b1df68b\" data-element_type=\"widget\" data-e-type=\"widget\" data-widget_type=\"text-editor.default\">\n\t\t\t\t<div class=\"elementor-widget-container\">\n\t\t\t\t\t\t\t\t\t<p class=\"p1\">Selected tests are carried out in order to identify relevant facts. For example, work style, the candidate&#039;s level of motivation, behavior or logical analytical ability. The candidates who seem to match the best are presented to the client via CV.<\/p><p class=\"p1\">The recruiter now finally requests references from the final candidates. A background check adapted to the position in question is also carried out.<\/p><p class=\"p1\">The customer can then choose for themselves whether they want to hire or hire the person we present. One month after employment\/hiring, the recruiter who handled the process follows up the results and the experience of the results and recruitment process. Both with the customer in question and its now new employees.<\/p>\t\t\t\t\t\t\t\t<\/div>\n\t\t\t\t<\/div>\n\t\t\t\t\t<\/div>\n\t\t<\/div>\n\t\t\t\t\t<\/div>\n\t\t<\/section>\n\t\t\t\t<section class=\"elementor-section elementor-top-section elementor-element elementor-element-b7a4709 elementor-section-boxed elementor-section-height-default elementor-section-height-default\" data-id=\"b7a4709\" data-element_type=\"section\" data-e-type=\"section\" data-settings=\"{&quot;background_background&quot;:&quot;classic&quot;}\">\n\t\t\t\t\t\t<div class=\"elementor-container elementor-column-gap-default\">\n\t\t\t\t\t<div class=\"elementor-column elementor-col-50 elementor-top-column elementor-element elementor-element-cabe999\" data-id=\"cabe999\" data-element_type=\"column\" data-e-type=\"column\">\n\t\t\t<div class=\"elementor-widget-wrap elementor-element-populated\">\n\t\t\t\t\t\t<div class=\"elementor-element elementor-element-b2ae2bb elementor-widget elementor-widget-text-editor\" data-id=\"b2ae2bb\" data-element_type=\"widget\" data-e-type=\"widget\" data-widget_type=\"text-editor.default\">\n\t\t\t\t<div class=\"elementor-widget-container\">\n\t\t\t\t\t\t\t\t\t<p class=\"p1\">Recruiting the right candidate is both a challenging and time-consuming task. With our help, you avoid the complex work and get more time for your core business. In addition, our expertise and experience also means higher accuracy as well as less risk of wrong recruitment. We will ensure that you have the right people in place without delay, both today and when the need arises further into the future.<\/p>\t\t\t\t\t\t\t\t<\/div>\n\t\t\t\t<\/div>\n\t\t\t\t\t<\/div>\n\t\t<\/div>\n\t\t\t\t<div class=\"elementor-column elementor-col-50 elementor-top-column elementor-element elementor-element-3a2eb64\" data-id=\"3a2eb64\" data-element_type=\"column\" data-e-type=\"column\">\n\t\t\t<div class=\"elementor-widget-wrap elementor-element-populated\">\n\t\t\t\t\t\t<div class=\"elementor-element elementor-element-f9b7854 elementor-align-center elementor-invisible elementor-widget elementor-widget-button\" data-id=\"f9b7854\" data-element_type=\"widget\" data-e-type=\"widget\" data-settings=\"{&quot;_animation&quot;:&quot;fadeIn&quot;,&quot;_animation_delay&quot;:500}\" data-widget_type=\"button.default\">\n\t\t\t\t<div class=\"elementor-widget-container\">\n\t\t\t\t\t\t\t\t\t<div class=\"elementor-button-wrapper\">\n\t\t\t\t\t<a class=\"elementor-button elementor-button-link elementor-size-sm\" href=\"#kontakta-oss\">\n\t\t\t\t\t\t<span class=\"elementor-button-content-wrapper\">\n\t\t\t\t\t\t\t\t\t<span class=\"elementor-button-text\">Contact Us<\/span>\n\t\t\t\t\t<\/span>\n\t\t\t\t\t<\/a>\n\t\t\t\t<\/div>\n\t\t\t\t\t\t\t\t<\/div>\n\t\t\t\t<\/div>\n\t\t\t\t\t<\/div>\n\t\t<\/div>\n\t\t\t\t\t<\/div>\n\t\t<\/section>\n\t\t\t\t<section class=\"elementor-section elementor-top-section elementor-element elementor-element-7c9814c elementor-section-boxed elementor-section-height-default elementor-section-height-default\" data-id=\"7c9814c\" data-element_type=\"section\" data-e-type=\"section\">\n\t\t\t\t\t\t<div class=\"elementor-container elementor-column-gap-default\">\n\t\t\t\t\t<div class=\"elementor-column elementor-col-50 elementor-top-column elementor-element elementor-element-e7cbacd\" data-id=\"e7cbacd\" data-element_type=\"column\" data-e-type=\"column\">\n\t\t\t<div class=\"elementor-widget-wrap elementor-element-populated\">\n\t\t\t\t\t\t<div class=\"elementor-element elementor-element-aebf066 elementor-widget elementor-widget-text-editor\" data-id=\"aebf066\" data-element_type=\"widget\" data-e-type=\"widget\" data-widget_type=\"text-editor.default\">\n\t\t\t\t<div class=\"elementor-widget-container\">\n\t\t\t\t\t\t\t\t\t<p>From the first of January 2021, foreign employees working in Sweden will be liable for tax here.<br \/>You risk having to pay tax and social security contributions if you hire a foreign company that does not have Swedish F-tax and does not pay taxes for its employees in Sweden.<\/p><p>We have a package offer where we either provide our own staff or take over the employer&#039;s responsibility for your current staff.<br \/>We arrange ID06, accident insurance, coordination number, tax and social security contributions for the employees.<\/p><p>Contact us for more information on what we can offer your company.<\/p>\t\t\t\t\t\t\t\t<\/div>\n\t\t\t\t<\/div>\n\t\t\t\t\t<\/div>\n\t\t<\/div>\n\t\t\t\t<div class=\"elementor-column elementor-col-50 elementor-top-column elementor-element elementor-element-5f14ad8\" data-id=\"5f14ad8\" data-element_type=\"column\" data-e-type=\"column\">\n\t\t\t<div class=\"elementor-widget-wrap\">\n\t\t\t\t\t\t\t<\/div>\n\t\t<\/div>\n\t\t\t\t\t<\/div>\n\t\t<\/section>\n\t\t\t\t<\/div>","protected":false},"excerpt":{"rendered":"<p>Rekryteringsprocessen Kontakta oss Offertf\u00f6rfr\u00e5gan I en rekryteringsprocess s\u00e5 sammanst\u00e4ller rekryteraren tillsammans med dig som kund en kravspecifikation f\u00f6r hitta precis vad som kr\u00e4vs f\u00f6r tj\u00e4nsten. En annons f\u00f6rfattas och publiceras av rekryteraren beskrivandes b\u00e5de personen som s\u00f6ks och tj\u00e4nsten som ska tills\u00e4ttas.Urvalsarbete och search startar i syfte att hitta och attrahera intressanta kandidater. Rekryteraren h\u00e5ller [&hellip;]<\/p>\n","protected":false},"author":2,"featured_media":0,"parent":0,"menu_order":0,"comment_status":"closed","ping_status":"closed","template":"elementor_header_footer","meta":{"footnotes":""},"class_list":["post-476","page","type-page","status-publish","hentry"],"_links":{"self":[{"href":"https:\/\/workforce-bemanning.se\/en\/wp-json\/wp\/v2\/pages\/476","targetHints":{"allow":["GET"]}}],"collection":[{"href":"https:\/\/workforce-bemanning.se\/en\/wp-json\/wp\/v2\/pages"}],"about":[{"href":"https:\/\/workforce-bemanning.se\/en\/wp-json\/wp\/v2\/types\/page"}],"author":[{"embeddable":true,"href":"https:\/\/workforce-bemanning.se\/en\/wp-json\/wp\/v2\/users\/2"}],"replies":[{"embeddable":true,"href":"https:\/\/workforce-bemanning.se\/en\/wp-json\/wp\/v2\/comments?post=476"}],"version-history":[{"count":15,"href":"https:\/\/workforce-bemanning.se\/en\/wp-json\/wp\/v2\/pages\/476\/revisions"}],"predecessor-version":[{"id":2565,"href":"https:\/\/workforce-bemanning.se\/en\/wp-json\/wp\/v2\/pages\/476\/revisions\/2565"}],"wp:attachment":[{"href":"https:\/\/workforce-bemanning.se\/en\/wp-json\/wp\/v2\/media?parent=476"}],"curies":[{"name":"wp","href":"https:\/\/api.w.org\/{rel}","templated":true}]}}