{"id":2272,"date":"2022-10-12T11:47:40","date_gmt":"2022-10-12T11:47:40","guid":{"rendered":"https:\/\/workforce-bemanning.se\/?page_id=2272"},"modified":"2022-10-26T13:56:37","modified_gmt":"2022-10-26T13:56:37","slug":"stockholm","status":"publish","type":"page","link":"https:\/\/workforce-bemanning.se\/en\/recruitment-company\/stockholm\/","title":{"rendered":"Stockholm"},"content":{"rendered":"<div data-elementor-type=\"wp-page\" data-elementor-id=\"2272\" class=\"elementor elementor-2272\" data-elementor-post-type=\"page\">\n\t\t\t\t\t\t<section class=\"elementor-section elementor-top-section elementor-element elementor-element-d3c3e4d elementor-section-height-min-height animated-slow elementor-section-boxed elementor-section-height-default elementor-section-items-middle elementor-invisible\" data-id=\"d3c3e4d\" data-element_type=\"section\" data-e-type=\"section\" data-settings=\"{&quot;background_background&quot;:&quot;classic&quot;,&quot;animation&quot;:&quot;fadeIn&quot;}\">\n\t\t\t\t\t\t\t<div class=\"elementor-background-overlay\"><\/div>\n\t\t\t\t\t\t\t<div class=\"elementor-container elementor-column-gap-default\">\n\t\t\t\t\t<div class=\"elementor-column elementor-col-100 elementor-top-column elementor-element elementor-element-cc9a5bd\" data-id=\"cc9a5bd\" data-element_type=\"column\" data-e-type=\"column\">\n\t\t\t<div class=\"elementor-widget-wrap elementor-element-populated\">\n\t\t\t\t\t\t<div class=\"elementor-element elementor-element-0e08442 elementor-invisible elementor-widget elementor-widget-heading\" data-id=\"0e08442\" data-element_type=\"widget\" data-e-type=\"widget\" data-settings=\"{&quot;_animation&quot;:&quot;fadeIn&quot;,&quot;_animation_delay&quot;:300}\" data-widget_type=\"heading.default\">\n\t\t\t\t<div class=\"elementor-widget-container\">\n\t\t\t\t\t<h1 class=\"elementor-heading-title elementor-size-default\">Are you looking for a job?<\/h1>\t\t\t\t<\/div>\n\t\t\t\t<\/div>\n\t\t\t\t<div class=\"elementor-element elementor-element-c24d860 elementor-widget elementor-widget-text-editor\" data-id=\"c24d860\" data-element_type=\"widget\" data-e-type=\"widget\" data-widget_type=\"text-editor.default\">\n\t\t\t\t<div class=\"elementor-widget-container\">\n\t\t\t\t\t\t\t\t\t<p>Being a job seeker can be a stressful situation and the uncertainty can make you nervous when you finally get an interview, which in turn can upset your chances of landing your dream job.<\/p><p>We at Workforce have well-developed processes to be able to find the right workplace for you. We are not just any recruitment company in Stockholm, but a company that values both you who are looking for a job and your future employer. Once you are in our system, based on your characteristics and skills, we will find an employer who not only has a suitable job but also a suitable workplace for you. Once you&#039;ve been hired, we&#039;ll check in with both you and your new employer a month later to see if there&#039;s anything else we need to do to make everything work well.<\/p>\t\t\t\t\t\t\t\t<\/div>\n\t\t\t\t<\/div>\n\t\t\t\t<div class=\"elementor-element elementor-element-9bb154a elementor-widget__width-auto elementor-invisible elementor-widget elementor-widget-button\" data-id=\"9bb154a\" data-element_type=\"widget\" data-e-type=\"widget\" data-settings=\"{&quot;_animation&quot;:&quot;fadeIn&quot;,&quot;_animation_delay&quot;:500}\" data-widget_type=\"button.default\">\n\t\t\t\t<div class=\"elementor-widget-container\">\n\t\t\t\t\t\t\t\t\t<div class=\"elementor-button-wrapper\">\n\t\t\t\t\t<a class=\"elementor-button elementor-button-link elementor-size-sm\" href=\"#kontakta-oss\">\n\t\t\t\t\t\t<span class=\"elementor-button-content-wrapper\">\n\t\t\t\t\t\t\t\t\t<span class=\"elementor-button-text\">Contact Us<\/span>\n\t\t\t\t\t<\/span>\n\t\t\t\t\t<\/a>\n\t\t\t\t<\/div>\n\t\t\t\t\t\t\t\t<\/div>\n\t\t\t\t<\/div>\n\t\t\t\t<div class=\"elementor-element elementor-element-e724c17 elementor-widget__width-auto elementor-invisible elementor-widget elementor-widget-button\" data-id=\"e724c17\" data-element_type=\"widget\" data-e-type=\"widget\" data-settings=\"{&quot;_animation&quot;:&quot;fadeIn&quot;,&quot;_animation_delay&quot;:500}\" data-widget_type=\"button.default\">\n\t\t\t\t<div class=\"elementor-widget-container\">\n\t\t\t\t\t\t\t\t\t<div class=\"elementor-button-wrapper\">\n\t\t\t\t\t<a class=\"elementor-button elementor-button-link elementor-size-sm\" href=\"https:\/\/workforce-bemanning.se\/en\/the-quotation-request\/\">\n\t\t\t\t\t\t<span class=\"elementor-button-content-wrapper\">\n\t\t\t\t\t\t\t\t\t<span class=\"elementor-button-text\">Quotation request<\/span>\n\t\t\t\t\t<\/span>\n\t\t\t\t\t<\/a>\n\t\t\t\t<\/div>\n\t\t\t\t\t\t\t\t<\/div>\n\t\t\t\t<\/div>\n\t\t\t\t\t<\/div>\n\t\t<\/div>\n\t\t\t\t\t<\/div>\n\t\t<\/section>\n\t\t\t\t<section class=\"elementor-section elementor-top-section elementor-element elementor-element-f529309 elementor-section-boxed elementor-section-height-default elementor-section-height-default\" data-id=\"f529309\" data-element_type=\"section\" data-e-type=\"section\">\n\t\t\t\t\t\t<div class=\"elementor-container elementor-column-gap-default\">\n\t\t\t\t\t<div class=\"elementor-column elementor-col-100 elementor-top-column elementor-element elementor-element-d03e78f\" data-id=\"d03e78f\" data-element_type=\"column\" data-e-type=\"column\">\n\t\t\t<div class=\"elementor-widget-wrap elementor-element-populated\">\n\t\t\t\t\t\t<section class=\"elementor-section elementor-inner-section elementor-element elementor-element-a43b910 elementor-section-full_width elementor-section-content-middle elementor-section-height-default elementor-section-height-default\" data-id=\"a43b910\" data-element_type=\"section\" data-e-type=\"section\">\n\t\t\t\t\t\t<div class=\"elementor-container elementor-column-gap-extended\">\n\t\t\t\t\t<div class=\"elementor-column elementor-col-50 elementor-inner-column elementor-element elementor-element-5168544\" data-id=\"5168544\" data-element_type=\"column\" data-e-type=\"column\">\n\t\t\t<div class=\"elementor-widget-wrap elementor-element-populated\">\n\t\t\t\t\t\t<div class=\"elementor-element elementor-element-cf72847 elementor-widget elementor-widget-image\" data-id=\"cf72847\" data-element_type=\"widget\" data-e-type=\"widget\" data-widget_type=\"image.default\">\n\t\t\t\t<div class=\"elementor-widget-container\">\n\t\t\t\t\t\t\t\t\t\t\t\t\t\t\t<img fetchpriority=\"high\" decoding=\"async\" width=\"800\" height=\"533\" src=\"https:\/\/workforce-bemanning.se\/wp-content\/uploads\/2020\/11\/home-industri-1-1024x682.jpg\" class=\"attachment-large size-large wp-image-399\" alt=\"staffing and recruitment\" srcset=\"https:\/\/workforce-bemanning.se\/wp-content\/uploads\/2020\/11\/home-industri-1-1024x682.jpg 1024w, https:\/\/workforce-bemanning.se\/wp-content\/uploads\/2020\/11\/home-industri-1-300x200.jpg 300w, https:\/\/workforce-bemanning.se\/wp-content\/uploads\/2020\/11\/home-industri-1-768x512.jpg 768w, https:\/\/workforce-bemanning.se\/wp-content\/uploads\/2020\/11\/home-industri-1-1536x1024.jpg 1536w, https:\/\/workforce-bemanning.se\/wp-content\/uploads\/2020\/11\/home-industri-1.jpg 2000w\" sizes=\"(max-width: 800px) 100vw, 800px\" title=\"\">\t\t\t\t\t\t\t\t\t\t\t\t\t\t\t<\/div>\n\t\t\t\t<\/div>\n\t\t\t\t\t<\/div>\n\t\t<\/div>\n\t\t\t\t<div class=\"elementor-column elementor-col-50 elementor-inner-column elementor-element elementor-element-55b4f39\" data-id=\"55b4f39\" data-element_type=\"column\" data-e-type=\"column\">\n\t\t\t<div class=\"elementor-widget-wrap elementor-element-populated\">\n\t\t\t\t\t\t<div class=\"elementor-element elementor-element-cfd656a elementor-widget elementor-widget-heading\" data-id=\"cfd656a\" data-element_type=\"widget\" data-e-type=\"widget\" data-widget_type=\"heading.default\">\n\t\t\t\t<div class=\"elementor-widget-container\">\n\t\t\t\t\t<h2 class=\"elementor-heading-title elementor-size-default\">We value your job security<\/h2>\t\t\t\t<\/div>\n\t\t\t\t<\/div>\n\t\t\t\t<div class=\"elementor-element elementor-element-44832db elementor-widget elementor-widget-text-editor\" data-id=\"44832db\" data-element_type=\"widget\" data-e-type=\"widget\" data-widget_type=\"text-editor.default\">\n\t\t\t\t<div class=\"elementor-widget-container\">\n\t\t\t\t\t\t\t\t\t<p>Everyone who is employed by us is covered by a collective agreement and you can immediately feel confident that you have decent conditions wherever you end up. If you are active in construction, cleaning, restaurants, warehouses or the transport industry, we are right for you, and it doesn&#039;t matter if you have a lot or little experience, as we will find the right job just for you based on the experience you have. If you are in our system, you can partly get shorter employments but also longer ones, depending on what you are looking for. Whether you are only in Stockholm for a couple of months or a permanent resident here, we are the recruitment company for you.<\/p>\t\t\t\t\t\t\t\t<\/div>\n\t\t\t\t<\/div>\n\t\t\t\t\t<\/div>\n\t\t<\/div>\n\t\t\t\t\t<\/div>\n\t\t<\/section>\n\t\t\t\t<section class=\"elementor-section elementor-inner-section elementor-element elementor-element-538699b elementor-section-full_width elementor-section-content-middle elementor-section-height-default elementor-section-height-default\" data-id=\"538699b\" data-element_type=\"section\" data-e-type=\"section\">\n\t\t\t\t\t\t<div class=\"elementor-container elementor-column-gap-extended\">\n\t\t\t\t\t<div class=\"elementor-column elementor-col-50 elementor-inner-column elementor-element elementor-element-4585a8a\" data-id=\"4585a8a\" data-element_type=\"column\" data-e-type=\"column\">\n\t\t\t<div class=\"elementor-widget-wrap elementor-element-populated\">\n\t\t\t\t\t\t<div class=\"elementor-element elementor-element-044f3e2 elementor-widget elementor-widget-heading\" data-id=\"044f3e2\" data-element_type=\"widget\" data-e-type=\"widget\" data-widget_type=\"heading.default\">\n\t\t\t\t<div class=\"elementor-widget-container\">\n\t\t\t\t\t<h2 class=\"elementor-heading-title elementor-size-default\">We provide you with a network of contacts<\/h2>\t\t\t\t<\/div>\n\t\t\t\t<\/div>\n\t\t\t\t<div class=\"elementor-element elementor-element-a4bcdbc elementor-widget elementor-widget-text-editor\" data-id=\"a4bcdbc\" data-element_type=\"widget\" data-e-type=\"widget\" data-widget_type=\"text-editor.default\">\n\t\t\t\t<div class=\"elementor-widget-container\">\n\t\t\t\t\t\t\t\t\t<p>Through us, you will be able to get in touch with many employers around Stockholm, and if you want, also in other cities. We are established around the country and used to recruitment processes also internationally. If you are keen to explore other parts of the country, you are always welcome to apply through us. Most employers are happy to leave the recruitment process to staffing companies these days and if you are introduced to us, they will immediately have a positive attitude because they have already entrusted us to find staff for them. So instead of you having to sit and search for lots of jobs yourself, we can facilitate the process for you by matching you with a workplace that suits you and your experiences.<\/p><p>It is therefore not only for employers that staffing and recruitment companies have great advantages, but also for you who are looking for a job. Take the chance and register as an applicant with us already today and your dream job may come sooner than you think. We look forward to helping you find the right one.<\/p>\t\t\t\t\t\t\t\t<\/div>\n\t\t\t\t<\/div>\n\t\t\t\t\t<\/div>\n\t\t<\/div>\n\t\t\t\t<div class=\"elementor-column elementor-col-50 elementor-inner-column elementor-element elementor-element-d4c528e\" data-id=\"d4c528e\" data-element_type=\"column\" data-e-type=\"column\">\n\t\t\t<div class=\"elementor-widget-wrap elementor-element-populated\">\n\t\t\t\t\t\t<div class=\"elementor-element elementor-element-7d1a541 elementor-widget elementor-widget-image\" data-id=\"7d1a541\" data-element_type=\"widget\" data-e-type=\"widget\" data-widget_type=\"image.default\">\n\t\t\t\t<div class=\"elementor-widget-container\">\n\t\t\t\t\t\t\t\t\t\t\t\t\t\t\t<img decoding=\"async\" width=\"800\" height=\"533\" src=\"https:\/\/workforce-bemanning.se\/wp-content\/uploads\/2020\/11\/home-restaurang-1-1024x682.jpg\" class=\"attachment-large size-large wp-image-400\" alt=\"staff in the kitchen restaurant black and white\" srcset=\"https:\/\/workforce-bemanning.se\/wp-content\/uploads\/2020\/11\/home-restaurang-1-1024x682.jpg 1024w, https:\/\/workforce-bemanning.se\/wp-content\/uploads\/2020\/11\/home-restaurang-1-300x200.jpg 300w, https:\/\/workforce-bemanning.se\/wp-content\/uploads\/2020\/11\/home-restaurang-1-768x512.jpg 768w, https:\/\/workforce-bemanning.se\/wp-content\/uploads\/2020\/11\/home-restaurang-1-1536x1024.jpg 1536w, https:\/\/workforce-bemanning.se\/wp-content\/uploads\/2020\/11\/home-restaurang-1.jpg 2000w\" sizes=\"(max-width: 800px) 100vw, 800px\" title=\"\">\t\t\t\t\t\t\t\t\t\t\t\t\t\t\t<\/div>\n\t\t\t\t<\/div>\n\t\t\t\t\t<\/div>\n\t\t<\/div>\n\t\t\t\t\t<\/div>\n\t\t<\/section>\n\t\t\t\t\t<\/div>\n\t\t<\/div>\n\t\t\t\t\t<\/div>\n\t\t<\/section>\n\t\t\t\t<section class=\"elementor-section elementor-top-section elementor-element elementor-element-2fe25d8 elementor-section-full_width elementor-section-content-middle elementor-section-height-default elementor-section-height-default\" data-id=\"2fe25d8\" data-element_type=\"section\" data-e-type=\"section\">\n\t\t\t\t\t\t<div class=\"elementor-container elementor-column-gap-no\">\n\t\t\t\t\t<div class=\"elementor-column elementor-col-50 elementor-top-column elementor-element elementor-element-4f01c1e\" data-id=\"4f01c1e\" data-element_type=\"column\" data-e-type=\"column\">\n\t\t\t<div class=\"elementor-widget-wrap elementor-element-populated\">\n\t\t\t\t\t\t<div class=\"elementor-element elementor-element-e858291 elementor-widget elementor-widget-image\" data-id=\"e858291\" data-element_type=\"widget\" data-e-type=\"widget\" data-widget_type=\"image.default\">\n\t\t\t\t<div class=\"elementor-widget-container\">\n\t\t\t\t\t\t\t\t\t\t\t\t\t\t\t<img decoding=\"async\" width=\"768\" height=\"512\" src=\"https:\/\/workforce-bemanning.se\/wp-content\/uploads\/2020\/11\/home-contact-1-768x512.jpg\" class=\"attachment-medium_large size-medium_large wp-image-410\" alt=\"staffing &amp; recruitment workforce staffing\" srcset=\"https:\/\/workforce-bemanning.se\/wp-content\/uploads\/2020\/11\/home-contact-1-768x512.jpg 768w, https:\/\/workforce-bemanning.se\/wp-content\/uploads\/2020\/11\/home-contact-1-300x200.jpg 300w, https:\/\/workforce-bemanning.se\/wp-content\/uploads\/2020\/11\/home-contact-1-1024x682.jpg 1024w, https:\/\/workforce-bemanning.se\/wp-content\/uploads\/2020\/11\/home-contact-1-1536x1024.jpg 1536w, https:\/\/workforce-bemanning.se\/wp-content\/uploads\/2020\/11\/home-contact-1.jpg 2000w\" sizes=\"(max-width: 768px) 100vw, 768px\" title=\"\">\t\t\t\t\t\t\t\t\t\t\t\t\t\t\t<\/div>\n\t\t\t\t<\/div>\n\t\t\t\t\t<\/div>\n\t\t<\/div>\n\t\t\t\t<div class=\"elementor-column elementor-col-50 elementor-top-column elementor-element elementor-element-3706012\" data-id=\"3706012\" data-element_type=\"column\" data-e-type=\"column\" data-settings=\"{&quot;background_background&quot;:&quot;classic&quot;}\">\n\t\t\t<div class=\"elementor-widget-wrap elementor-element-populated\">\n\t\t\t\t\t\t<section class=\"elementor-section elementor-inner-section elementor-element elementor-element-ccad5c2 elementor-section-boxed elementor-section-height-default elementor-section-height-default\" data-id=\"ccad5c2\" data-element_type=\"section\" data-e-type=\"section\">\n\t\t\t\t\t\t<div class=\"elementor-container elementor-column-gap-no\">\n\t\t\t\t\t<div class=\"elementor-column elementor-col-100 elementor-inner-column elementor-element elementor-element-898ed2e\" data-id=\"898ed2e\" data-element_type=\"column\" data-e-type=\"column\">\n\t\t\t<div class=\"elementor-widget-wrap elementor-element-populated\">\n\t\t\t\t\t\t<div class=\"elementor-element elementor-element-88d2039 elementor-widget elementor-widget-text-editor\" data-id=\"88d2039\" data-element_type=\"widget\" data-e-type=\"widget\" data-widget_type=\"text-editor.default\">\n\t\t\t\t<div class=\"elementor-widget-container\">\n\t\t\t\t\t\t\t\t\t<h2 class=\"western\">Contact our recruitment company today<\/h2>\t\t\t\t\t\t\t\t<\/div>\n\t\t\t\t<\/div>\n\t\t\t\t<div class=\"elementor-element elementor-element-5abe3e6 elementor-mobile-align-left elementor-widget__width-auto elementor-widget elementor-widget-button\" data-id=\"5abe3e6\" data-element_type=\"widget\" data-e-type=\"widget\" data-widget_type=\"button.default\">\n\t\t\t\t<div class=\"elementor-widget-container\">\n\t\t\t\t\t\t\t\t\t<div class=\"elementor-button-wrapper\">\n\t\t\t\t\t<a class=\"elementor-button elementor-button-link elementor-size-sm\" href=\"#kontakta-oss\">\n\t\t\t\t\t\t<span class=\"elementor-button-content-wrapper\">\n\t\t\t\t\t\t\t\t\t<span class=\"elementor-button-text\">Contact Us<\/span>\n\t\t\t\t\t<\/span>\n\t\t\t\t\t<\/a>\n\t\t\t\t<\/div>\n\t\t\t\t\t\t\t\t<\/div>\n\t\t\t\t<\/div>\n\t\t\t\t<div class=\"elementor-element elementor-element-f68b196 elementor-widget__width-auto elementor-icon-list--layout-traditional elementor-list-item-link-full_width elementor-widget elementor-widget-icon-list\" data-id=\"f68b196\" data-element_type=\"widget\" data-e-type=\"widget\" data-widget_type=\"icon-list.default\">\n\t\t\t\t<div class=\"elementor-widget-container\">\n\t\t\t\t\t\t\t<ul class=\"elementor-icon-list-items\">\n\t\t\t\t\t\t\t<li class=\"elementor-icon-list-item\">\n\t\t\t\t\t\t\t\t\t\t\t<a href=\"mailto:info@workforce.lv\">\n\n\t\t\t\t\t\t\t\t\t\t\t\t<span class=\"elementor-icon-list-icon\">\n\t\t\t\t\t\t\t<i aria-hidden=\"true\" class=\"far fa-envelope\"><\/i>\t\t\t\t\t\t<\/span>\n\t\t\t\t\t\t\t\t\t\t<span class=\"elementor-icon-list-text\">info@workforce.lv<\/span>\n\t\t\t\t\t\t\t\t\t\t\t<\/a>\n\t\t\t\t\t\t\t\t\t<\/li>\n\t\t\t\t\t\t<\/ul>\n\t\t\t\t\t\t<\/div>\n\t\t\t\t<\/div>\n\t\t\t\t\t<\/div>\n\t\t<\/div>\n\t\t\t\t\t<\/div>\n\t\t<\/section>\n\t\t\t\t\t<\/div>\n\t\t<\/div>\n\t\t\t\t\t<\/div>\n\t\t<\/section>\n\t\t\t\t<\/div>","protected":false},"excerpt":{"rendered":"<p>S\u00f6ker du jobb? Att vara arbetss\u00f6kande kan vara en p\u00e5frestande situation och ovissheten kan g\u00f6ra dig nerv\u00f6s n\u00e4r du \u00e4ntligen f\u00e5r en intervju, vilket i sin tur kan rubba dina chanser att f\u00e5 ditt dr\u00f6mjobb. Vi p\u00e5 Workforce har v\u00e4l utarbetade processer f\u00f6r att kunna hitta r\u00e4tt arbetsplats f\u00f6r just dig. Vi \u00e4r inte vilket [&hellip;]<\/p>\n","protected":false},"author":8,"featured_media":0,"parent":1147,"menu_order":0,"comment_status":"closed","ping_status":"closed","template":"","meta":{"footnotes":""},"class_list":["post-2272","page","type-page","status-publish","hentry"],"_links":{"self":[{"href":"https:\/\/workforce-bemanning.se\/en\/wp-json\/wp\/v2\/pages\/2272","targetHints":{"allow":["GET"]}}],"collection":[{"href":"https:\/\/workforce-bemanning.se\/en\/wp-json\/wp\/v2\/pages"}],"about":[{"href":"https:\/\/workforce-bemanning.se\/en\/wp-json\/wp\/v2\/types\/page"}],"author":[{"embeddable":true,"href":"https:\/\/workforce-bemanning.se\/en\/wp-json\/wp\/v2\/users\/8"}],"replies":[{"embeddable":true,"href":"https:\/\/workforce-bemanning.se\/en\/wp-json\/wp\/v2\/comments?post=2272"}],"version-history":[{"count":5,"href":"https:\/\/workforce-bemanning.se\/en\/wp-json\/wp\/v2\/pages\/2272\/revisions"}],"predecessor-version":[{"id":2316,"href":"https:\/\/workforce-bemanning.se\/en\/wp-json\/wp\/v2\/pages\/2272\/revisions\/2316"}],"up":[{"embeddable":true,"href":"https:\/\/workforce-bemanning.se\/en\/wp-json\/wp\/v2\/pages\/1147"}],"wp:attachment":[{"href":"https:\/\/workforce-bemanning.se\/en\/wp-json\/wp\/v2\/media?parent=2272"}],"curies":[{"name":"wp","href":"https:\/\/api.w.org\/{rel}","templated":true}]}}