{"id":1352,"date":"2021-06-21T08:59:38","date_gmt":"2021-06-21T08:59:38","guid":{"rendered":"https:\/\/workforce-bemanning.se\/?page_id=1352"},"modified":"2023-10-06T07:36:42","modified_gmt":"2023-10-06T07:36:42","slug":"bemanning-vard","status":"publish","type":"page","link":"https:\/\/workforce-bemanning.se\/en\/staffing-became\/","title":{"rendered":"Staffing care"},"content":{"rendered":"<div data-elementor-type=\"wp-page\" data-elementor-id=\"1352\" class=\"elementor elementor-1352\" data-elementor-post-type=\"page\">\n\t\t\t\t\t\t<section class=\"elementor-section elementor-top-section elementor-element elementor-element-24dc25f3 elementor-section-height-min-height animated-slow elementor-section-boxed elementor-section-height-default elementor-section-items-middle elementor-invisible\" data-id=\"24dc25f3\" data-element_type=\"section\" data-e-type=\"section\" data-settings=\"{&quot;background_background&quot;:&quot;classic&quot;,&quot;animation&quot;:&quot;fadeIn&quot;}\">\n\t\t\t\t\t\t\t<div class=\"elementor-background-overlay\"><\/div>\n\t\t\t\t\t\t\t<div class=\"elementor-container elementor-column-gap-default\">\n\t\t\t\t\t<div class=\"elementor-column elementor-col-100 elementor-top-column elementor-element elementor-element-63e1b946\" data-id=\"63e1b946\" data-element_type=\"column\" data-e-type=\"column\">\n\t\t\t<div class=\"elementor-widget-wrap elementor-element-populated\">\n\t\t\t\t\t\t<div class=\"elementor-element elementor-element-26531228 elementor-invisible elementor-widget elementor-widget-heading\" data-id=\"26531228\" data-element_type=\"widget\" data-e-type=\"widget\" data-settings=\"{&quot;_animation&quot;:&quot;fadeIn&quot;,&quot;_animation_delay&quot;:300}\" data-widget_type=\"heading.default\">\n\t\t\t\t<div class=\"elementor-widget-container\">\n\t\t\t\t\t<h1 class=\"elementor-heading-title elementor-size-default\">Staffing care<\/h1>\t\t\t\t<\/div>\n\t\t\t\t<\/div>\n\t\t\t\t<div class=\"elementor-element elementor-element-8c81878 elementor-widget elementor-widget-text-editor\" data-id=\"8c81878\" data-element_type=\"widget\" data-e-type=\"widget\" data-widget_type=\"text-editor.default\">\n\t\t\t\t<div class=\"elementor-widget-container\">\n\t\t\t\t\t\t\t\t\t<p>Staffing challenges, especially in the healthcare industry, have become much more complex as healthcare facilities, government agencies, schools, prisons and other organizations have a growing need for qualified healthcare professionals. At the same time, employees seek more flexibility and control over their careers.\u00a0<\/p><p>We therefore offer a flexible work solution for the employer while meeting the employee&#039;s needs with our innovative approach to recruitment in healthcare and <b>finds the best candidates for both private and public healthcare.<\/b><\/p>\t\t\t\t\t\t\t\t<\/div>\n\t\t\t\t<\/div>\n\t\t\t\t<div class=\"elementor-element elementor-element-778b1ddf elementor-widget__width-auto elementor-invisible elementor-widget elementor-widget-button\" data-id=\"778b1ddf\" data-element_type=\"widget\" data-e-type=\"widget\" data-settings=\"{&quot;_animation&quot;:&quot;fadeIn&quot;,&quot;_animation_delay&quot;:500}\" data-widget_type=\"button.default\">\n\t\t\t\t<div class=\"elementor-widget-container\">\n\t\t\t\t\t\t\t\t\t<div class=\"elementor-button-wrapper\">\n\t\t\t\t\t<a class=\"elementor-button elementor-button-link elementor-size-sm\" href=\"#kontakta-oss\">\n\t\t\t\t\t\t<span class=\"elementor-button-content-wrapper\">\n\t\t\t\t\t\t\t\t\t<span class=\"elementor-button-text\">Contact Us<\/span>\n\t\t\t\t\t<\/span>\n\t\t\t\t\t<\/a>\n\t\t\t\t<\/div>\n\t\t\t\t\t\t\t\t<\/div>\n\t\t\t\t<\/div>\n\t\t\t\t<div class=\"elementor-element elementor-element-3dee6d67 elementor-widget__width-auto elementor-invisible elementor-widget elementor-widget-button\" data-id=\"3dee6d67\" data-element_type=\"widget\" data-e-type=\"widget\" data-settings=\"{&quot;_animation&quot;:&quot;fadeIn&quot;,&quot;_animation_delay&quot;:500}\" data-widget_type=\"button.default\">\n\t\t\t\t<div class=\"elementor-widget-container\">\n\t\t\t\t\t\t\t\t\t<div class=\"elementor-button-wrapper\">\n\t\t\t\t\t<a class=\"elementor-button elementor-button-link elementor-size-sm\" href=\"https:\/\/workforce-bemanning.se\/en\/the-quotation-request\/\">\n\t\t\t\t\t\t<span class=\"elementor-button-content-wrapper\">\n\t\t\t\t\t\t\t\t\t<span class=\"elementor-button-text\">Quotation request<\/span>\n\t\t\t\t\t<\/span>\n\t\t\t\t\t<\/a>\n\t\t\t\t<\/div>\n\t\t\t\t\t\t\t\t<\/div>\n\t\t\t\t<\/div>\n\t\t\t\t\t<\/div>\n\t\t<\/div>\n\t\t\t\t\t<\/div>\n\t\t<\/section>\n\t\t\t\t<section class=\"elementor-section elementor-top-section elementor-element elementor-element-694345bc elementor-section-boxed elementor-section-height-default elementor-section-height-default\" data-id=\"694345bc\" data-element_type=\"section\" data-e-type=\"section\">\n\t\t\t\t\t\t<div class=\"elementor-container elementor-column-gap-default\">\n\t\t\t\t\t<div class=\"elementor-column elementor-col-100 elementor-top-column elementor-element elementor-element-d36da4f\" data-id=\"d36da4f\" data-element_type=\"column\" data-e-type=\"column\">\n\t\t\t<div class=\"elementor-widget-wrap elementor-element-populated\">\n\t\t\t\t\t\t<section class=\"elementor-section elementor-inner-section elementor-element elementor-element-2450795c elementor-section-full_width elementor-section-height-default elementor-section-height-default\" data-id=\"2450795c\" data-element_type=\"section\" data-e-type=\"section\">\n\t\t\t\t\t\t<div class=\"elementor-container elementor-column-gap-extended\">\n\t\t\t\t\t<div class=\"elementor-column elementor-col-50 elementor-inner-column elementor-element elementor-element-110f6fb\" data-id=\"110f6fb\" data-element_type=\"column\" data-e-type=\"column\">\n\t\t\t<div class=\"elementor-widget-wrap elementor-element-populated\">\n\t\t\t\t\t\t<div class=\"elementor-element elementor-element-c2ba2d4 elementor-widget elementor-widget-heading\" data-id=\"c2ba2d4\" data-element_type=\"widget\" data-e-type=\"widget\" data-widget_type=\"heading.default\">\n\t\t\t\t<div class=\"elementor-widget-container\">\n\t\t\t\t\t<h2 class=\"elementor-heading-title elementor-size-default\">Are you looking for staffing in care?<\/h2>\t\t\t\t<\/div>\n\t\t\t\t<\/div>\n\t\t\t\t<div class=\"elementor-element elementor-element-71c5614 elementor-widget elementor-widget-text-editor\" data-id=\"71c5614\" data-element_type=\"widget\" data-e-type=\"widget\" data-widget_type=\"text-editor.default\">\n\t\t\t\t<div class=\"elementor-widget-container\">\n\t\t\t\t\t\t\t\t\t<p>We are one of the leading recruitment companies in healthcare across the country. Our remit extends to all graduate levels in various fields, including surgical and medical departments, oncology, paediatrics, radiography, fertility, midwifery or clinical research.\u00a0<\/p><p>\u00a0<\/p><p><b>We are specialists in staffing within:<span style=\"color: var( --e-global-color-text ); font-family: var( --e-global-typography-text-font-family ), Sans-serif; font-size: 1rem;\">\u00a0<\/span><\/b><\/p>\t\t\t\t\t\t\t\t<\/div>\n\t\t\t\t<\/div>\n\t\t\t\t\t<\/div>\n\t\t<\/div>\n\t\t\t\t<div class=\"elementor-column elementor-col-50 elementor-inner-column elementor-element elementor-element-79279f53\" data-id=\"79279f53\" data-element_type=\"column\" data-e-type=\"column\">\n\t\t\t<div class=\"elementor-widget-wrap elementor-element-populated\">\n\t\t\t\t\t\t<div class=\"elementor-element elementor-element-3c1a3888 elementor-cta--layout-image-right elementor-cta--valign-middle elementor-cta--mobile-layout-image-above elementor-cta--skin-classic elementor-animated-content elementor-bg-transform elementor-bg-transform-zoom-in elementor-invisible elementor-widget elementor-widget-call-to-action\" data-id=\"3c1a3888\" data-element_type=\"widget\" data-e-type=\"widget\" data-settings=\"{&quot;_animation&quot;:&quot;fadeIn&quot;,&quot;_animation_delay&quot;:200}\" data-widget_type=\"call-to-action.default\">\n\t\t\t\t<div class=\"elementor-widget-container\">\n\t\t\t\t\t\t\t<div class=\"elementor-cta\">\n\t\t\t\t\t<div class=\"elementor-cta__bg-wrapper\">\n\t\t\t\t<div class=\"elementor-cta__bg elementor-bg\" style=\"background-image: url(https:\/\/workforce-bemanning.se\/wp-content\/uploads\/2020\/11\/home-frisor-1-768x512.jpg);\" role=\"img\" aria-label=\"staffing &amp; recruitment hairdresser\"><\/div>\n\t\t\t\t<div class=\"elementor-cta__bg-overlay\"><\/div>\n\t\t\t<\/div>\n\t\t\t\t\t\t\t<div class=\"elementor-cta__content\">\n\t\t\t\t\n\t\t\t\t\n\t\t\t\t\t\t\t\t\t<div class=\"elementor-cta__description elementor-cta__content-item elementor-content-item\">\n\t\t\t\t\t\tToday, many industries experience difficulties in finding and attracting personnel with the right professional skills for their existing needs. \t\t\t\t\t<\/div>\n\t\t\t\t\n\t\t\t\t\t\t\t\t\t<div class=\"elementor-cta__button-wrapper elementor-cta__content-item elementor-content-item\">\n\t\t\t\t\t<a class=\"elementor-cta__button elementor-button elementor-size-xs\" href=\"#kontakta-oss\">\n\t\t\t\t\t\tContact Us\t\t\t\t\t<\/a>\n\t\t\t\t\t<\/div>\n\t\t\t\t\t\t\t<\/div>\n\t\t\t\t\t\t<\/div>\n\t\t\t\t\t\t<\/div>\n\t\t\t\t<\/div>\n\t\t\t\t\t<\/div>\n\t\t<\/div>\n\t\t\t\t\t<\/div>\n\t\t<\/section>\n\t\t\t\t<section class=\"elementor-section elementor-inner-section elementor-element elementor-element-c1e7aef elementor-section-full_width elementor-section-content-middle elementor-section-height-default elementor-section-height-default\" data-id=\"c1e7aef\" data-element_type=\"section\" data-e-type=\"section\">\n\t\t\t\t\t\t<div class=\"elementor-container elementor-column-gap-extended\">\n\t\t\t\t\t<div class=\"elementor-column elementor-col-100 elementor-inner-column elementor-element elementor-element-ccbebf2\" data-id=\"ccbebf2\" data-element_type=\"column\" data-e-type=\"column\">\n\t\t\t<div class=\"elementor-widget-wrap elementor-element-populated\">\n\t\t\t\t\t\t<div class=\"elementor-element elementor-element-b96a351 elementor-widget elementor-widget-text-editor\" data-id=\"b96a351\" data-element_type=\"widget\" data-e-type=\"widget\" data-widget_type=\"text-editor.default\">\n\t\t\t\t<div class=\"elementor-widget-container\">\n\t\t\t\t\t\t\t\t\t<h3>Health care centers<\/h3><p>We have a nationwide presence and find the right employees for a variety of roles, including healthcare professionals, nursing staff, unit managers or regional managers. Our healthcare department has experienced and knowledgeable recruitment consultants who understand the healthcare industry.<\/p><p>\u00a0<\/p><h3>Mental health organizations<\/h3><div>We are a trusted recruitment partner to many mental health organisations, hospitals and homes, in both the public and private sectors.<\/div><div>\u00a0<\/div><h3>International recruitment<\/h3><div>\u00a0<\/div><div>We have an excellent history of international recruitment. This is a process that involves a team of multilingual consultants who meet and interview foreign candidates and market our Swedish clients abroad to fill their vacant specialist positions.<\/div><div>\u00a0<\/div><h3>Community care<\/h3><div>\u00a0<\/div><div>We also work with a number of health organizations to provide health care professionals within the community as needed. These include hospitals and primary care, local authorities, charities, case management companies and voluntary organisations. We fully understand the importance of the role of healthcare professionals in preventing disease and educating patients and family members about health promotion.<\/div>\t\t\t\t\t\t\t\t<\/div>\n\t\t\t\t<\/div>\n\t\t\t\t\t<\/div>\n\t\t<\/div>\n\t\t\t\t\t<\/div>\n\t\t<\/section>\n\t\t\t\t<section class=\"elementor-section elementor-inner-section elementor-element elementor-element-878c132 elementor-section-full_width elementor-section-content-middle elementor-section-height-default elementor-section-height-default\" data-id=\"878c132\" data-element_type=\"section\" data-e-type=\"section\">\n\t\t\t\t\t\t<div class=\"elementor-container elementor-column-gap-extended\">\n\t\t\t\t\t<div class=\"elementor-column elementor-col-50 elementor-inner-column elementor-element elementor-element-a115918\" data-id=\"a115918\" data-element_type=\"column\" data-e-type=\"column\">\n\t\t\t<div class=\"elementor-widget-wrap elementor-element-populated\">\n\t\t\t\t\t\t<div class=\"elementor-element elementor-element-0a82845 elementor-widget elementor-widget-image\" data-id=\"0a82845\" data-element_type=\"widget\" data-e-type=\"widget\" data-widget_type=\"image.default\">\n\t\t\t\t<div class=\"elementor-widget-container\">\n\t\t\t\t\t\t\t\t\t\t\t\t\t\t\t<img fetchpriority=\"high\" decoding=\"async\" width=\"800\" height=\"532\" src=\"https:\/\/workforce-bemanning.se\/wp-content\/uploads\/2020\/11\/home-lagerpersonal-1-1024x681.jpg\" class=\"attachment-large size-large wp-image-402\" alt=\"staffing &amp; recruitment warehouse\" srcset=\"https:\/\/workforce-bemanning.se\/wp-content\/uploads\/2020\/11\/home-lagerpersonal-1-1024x681.jpg 1024w, https:\/\/workforce-bemanning.se\/wp-content\/uploads\/2020\/11\/home-lagerpersonal-1-300x200.jpg 300w, https:\/\/workforce-bemanning.se\/wp-content\/uploads\/2020\/11\/home-lagerpersonal-1-768x511.jpg 768w, https:\/\/workforce-bemanning.se\/wp-content\/uploads\/2020\/11\/home-lagerpersonal-1-1536x1022.jpg 1536w, https:\/\/workforce-bemanning.se\/wp-content\/uploads\/2020\/11\/home-lagerpersonal-1.jpg 2000w\" sizes=\"(max-width: 800px) 100vw, 800px\" title=\"\">\t\t\t\t\t\t\t\t\t\t\t\t\t\t\t<\/div>\n\t\t\t\t<\/div>\n\t\t\t\t\t<\/div>\n\t\t<\/div>\n\t\t\t\t<div class=\"elementor-column elementor-col-50 elementor-inner-column elementor-element elementor-element-65e9b19\" data-id=\"65e9b19\" data-element_type=\"column\" data-e-type=\"column\">\n\t\t\t<div class=\"elementor-widget-wrap elementor-element-populated\">\n\t\t\t\t\t\t<div class=\"elementor-element elementor-element-4a110a4 elementor-widget elementor-widget-heading\" data-id=\"4a110a4\" data-element_type=\"widget\" data-e-type=\"widget\" data-widget_type=\"heading.default\">\n\t\t\t\t<div class=\"elementor-widget-container\">\n\t\t\t\t\t<h2 class=\"elementor-heading-title elementor-size-default\">This is how we help you with staffing care and care<\/h2>\t\t\t\t<\/div>\n\t\t\t\t<\/div>\n\t\t\t\t<div class=\"elementor-element elementor-element-5cd33ae elementor-widget elementor-widget-text-editor\" data-id=\"5cd33ae\" data-element_type=\"widget\" data-e-type=\"widget\" data-widget_type=\"text-editor.default\">\n\t\t\t\t<div class=\"elementor-widget-container\">\n\t\t\t\t\t\t\t\t\t<p>As a staffing agency with many years of experience in healthcare, we specialize in placing nurses and other healthcare personnel in the healthcare sector.\u00a0<\/p><p>\u00a0<\/p><h3>Services for medical personnel\u00a0<\/h3><p>From full-time day shifts to temporary employment, we at Workforce find nurses and other healthcare professionals with a variety of skills, training and specializations. If there is a need for an employee in a specialist unit within a hospital, doctor&#039;s office, school, long-term facility or clinic, we can find and recruit suitable staff.\u00a0<b><\/b><\/p>\t\t\t\t\t\t\t\t<\/div>\n\t\t\t\t<\/div>\n\t\t\t\t\t<\/div>\n\t\t<\/div>\n\t\t\t\t\t<\/div>\n\t\t<\/section>\n\t\t\t\t<section class=\"elementor-section elementor-inner-section elementor-element elementor-element-9a37f10 elementor-section-full_width elementor-section-content-middle elementor-section-height-default elementor-section-height-default\" data-id=\"9a37f10\" data-element_type=\"section\" data-e-type=\"section\">\n\t\t\t\t\t\t<div class=\"elementor-container elementor-column-gap-extended\">\n\t\t\t\t\t<div class=\"elementor-column elementor-col-100 elementor-inner-column elementor-element elementor-element-9bcf513\" data-id=\"9bcf513\" data-element_type=\"column\" data-e-type=\"column\">\n\t\t\t<div class=\"elementor-widget-wrap elementor-element-populated\">\n\t\t\t\t\t\t<div class=\"elementor-element elementor-element-9de1efb elementor-widget elementor-widget-text-editor\" data-id=\"9de1efb\" data-element_type=\"widget\" data-e-type=\"widget\" data-widget_type=\"text-editor.default\">\n\t\t\t\t<div class=\"elementor-widget-container\">\n\t\t\t\t\t\t\t\t\t<h3>Support and support\u00a0<\/h3><p>We also understand the importance of meeting the unique and complex staffing challenges healthcare professionals face and staff support staff in the healthcare sector: medical receptionists, medical secretaries, medical assistants, call center staff and others.\u00a0<\/p><p>\u00a0<\/p><h3>The right talent for healthcare\u00a0<\/h3><p>We understand that looking for quality staff is important to your organization. Hiring the right candidates can be challenging, especially with limited resources. That&#039;s where we come in. With our dedicated team, we help you find talent that fits your needs.\u00a0<\/p><p>\u00a0<\/p><h3>Our clients\u00a0<\/h3><p>We find and recruit suitable employees quickly as we are convinced that a good partnership can only be built on long-term business relationships. Therefore, we must understand exactly which employees are needed in a healthcare organization to offer our clients the best possible service.\u00a0<\/p><p>This is also the reason why we specialize in only a few industries. We need to know the relevant industry in order to really work in and with it. Find out more about our areas of specialization by <b>contact us today!<\/b><\/p>\t\t\t\t\t\t\t\t<\/div>\n\t\t\t\t<\/div>\n\t\t\t\t\t<\/div>\n\t\t<\/div>\n\t\t\t\t\t<\/div>\n\t\t<\/section>\n\t\t\t\t\t<\/div>\n\t\t<\/div>\n\t\t\t\t\t<\/div>\n\t\t<\/section>\n\t\t\t\t<section class=\"elementor-section elementor-top-section elementor-element elementor-element-7de93e47 elementor-section-full_width elementor-section-content-middle elementor-section-height-default elementor-section-height-default\" data-id=\"7de93e47\" data-element_type=\"section\" data-e-type=\"section\">\n\t\t\t\t\t\t<div class=\"elementor-container elementor-column-gap-no\">\n\t\t\t\t\t<div class=\"elementor-column elementor-col-50 elementor-top-column elementor-element elementor-element-75e1384\" data-id=\"75e1384\" data-element_type=\"column\" data-e-type=\"column\">\n\t\t\t<div class=\"elementor-widget-wrap elementor-element-populated\">\n\t\t\t\t\t\t<div class=\"elementor-element elementor-element-5dc09bb1 elementor-widget elementor-widget-image\" data-id=\"5dc09bb1\" data-element_type=\"widget\" data-e-type=\"widget\" data-widget_type=\"image.default\">\n\t\t\t\t<div class=\"elementor-widget-container\">\n\t\t\t\t\t\t\t\t\t\t\t\t\t\t\t<img decoding=\"async\" width=\"768\" height=\"512\" src=\"https:\/\/workforce-bemanning.se\/wp-content\/uploads\/2020\/11\/home-contact-1-768x512.jpg\" class=\"attachment-medium_large size-medium_large wp-image-410\" alt=\"staffing &amp; recruitment workforce staffing\" srcset=\"https:\/\/workforce-bemanning.se\/wp-content\/uploads\/2020\/11\/home-contact-1-768x512.jpg 768w, https:\/\/workforce-bemanning.se\/wp-content\/uploads\/2020\/11\/home-contact-1-300x200.jpg 300w, https:\/\/workforce-bemanning.se\/wp-content\/uploads\/2020\/11\/home-contact-1-1024x682.jpg 1024w, https:\/\/workforce-bemanning.se\/wp-content\/uploads\/2020\/11\/home-contact-1-1536x1024.jpg 1536w, https:\/\/workforce-bemanning.se\/wp-content\/uploads\/2020\/11\/home-contact-1.jpg 2000w\" sizes=\"(max-width: 768px) 100vw, 768px\" title=\"\">\t\t\t\t\t\t\t\t\t\t\t\t\t\t\t<\/div>\n\t\t\t\t<\/div>\n\t\t\t\t\t<\/div>\n\t\t<\/div>\n\t\t\t\t<div class=\"elementor-column elementor-col-50 elementor-top-column elementor-element elementor-element-71eb15f2\" data-id=\"71eb15f2\" data-element_type=\"column\" data-e-type=\"column\" data-settings=\"{&quot;background_background&quot;:&quot;classic&quot;}\">\n\t\t\t<div class=\"elementor-widget-wrap elementor-element-populated\">\n\t\t\t\t\t\t<section class=\"elementor-section elementor-inner-section elementor-element elementor-element-43d32b9f elementor-section-boxed elementor-section-height-default elementor-section-height-default\" data-id=\"43d32b9f\" data-element_type=\"section\" data-e-type=\"section\">\n\t\t\t\t\t\t<div class=\"elementor-container elementor-column-gap-no\">\n\t\t\t\t\t<div class=\"elementor-column elementor-col-100 elementor-inner-column elementor-element elementor-element-590859b5\" data-id=\"590859b5\" data-element_type=\"column\" data-e-type=\"column\">\n\t\t\t<div class=\"elementor-widget-wrap elementor-element-populated\">\n\t\t\t\t\t\t<div class=\"elementor-element elementor-element-70da8258 elementor-widget elementor-widget-text-editor\" data-id=\"70da8258\" data-element_type=\"widget\" data-e-type=\"widget\" data-widget_type=\"text-editor.default\">\n\t\t\t\t<div class=\"elementor-widget-container\">\n\t\t\t\t\t\t\t\t\t<p class=\"p1\">A recruitment process is demanding and it requires both competence and experience to master it effectively and with good results.<\/p>\t\t\t\t\t\t\t\t<\/div>\n\t\t\t\t<\/div>\n\t\t\t\t<div class=\"elementor-element elementor-element-29c8286e elementor-mobile-align-left elementor-widget__width-auto elementor-widget elementor-widget-button\" data-id=\"29c8286e\" data-element_type=\"widget\" data-e-type=\"widget\" data-widget_type=\"button.default\">\n\t\t\t\t<div class=\"elementor-widget-container\">\n\t\t\t\t\t\t\t\t\t<div class=\"elementor-button-wrapper\">\n\t\t\t\t\t<a class=\"elementor-button elementor-button-link elementor-size-sm\" href=\"#kontakta-oss\">\n\t\t\t\t\t\t<span class=\"elementor-button-content-wrapper\">\n\t\t\t\t\t\t\t\t\t<span class=\"elementor-button-text\">Contact Us<\/span>\n\t\t\t\t\t<\/span>\n\t\t\t\t\t<\/a>\n\t\t\t\t<\/div>\n\t\t\t\t\t\t\t\t<\/div>\n\t\t\t\t<\/div>\n\t\t\t\t<div class=\"elementor-element elementor-element-3a50fa32 elementor-widget__width-auto elementor-icon-list--layout-traditional elementor-list-item-link-full_width elementor-widget elementor-widget-icon-list\" data-id=\"3a50fa32\" data-element_type=\"widget\" data-e-type=\"widget\" data-widget_type=\"icon-list.default\">\n\t\t\t\t<div class=\"elementor-widget-container\">\n\t\t\t\t\t\t\t<ul class=\"elementor-icon-list-items\">\n\t\t\t\t\t\t\t<li class=\"elementor-icon-list-item\">\n\t\t\t\t\t\t\t\t\t\t\t<a href=\"mailto:info@workforce.lv\">\n\n\t\t\t\t\t\t\t\t\t\t\t\t<span class=\"elementor-icon-list-icon\">\n\t\t\t\t\t\t\t<i aria-hidden=\"true\" class=\"far fa-envelope\"><\/i>\t\t\t\t\t\t<\/span>\n\t\t\t\t\t\t\t\t\t\t<span class=\"elementor-icon-list-text\">info@workforce.lv<\/span>\n\t\t\t\t\t\t\t\t\t\t\t<\/a>\n\t\t\t\t\t\t\t\t\t<\/li>\n\t\t\t\t\t\t<\/ul>\n\t\t\t\t\t\t<\/div>\n\t\t\t\t<\/div>\n\t\t\t\t\t<\/div>\n\t\t<\/div>\n\t\t\t\t\t<\/div>\n\t\t<\/section>\n\t\t\t\t\t<\/div>\n\t\t<\/div>\n\t\t\t\t\t<\/div>\n\t\t<\/section>\n\t\t\t\t<\/div>","protected":false},"excerpt":{"rendered":"<p>Bemanning v\u00e5rd Utmaningarna med bemanning, s\u00e4rskilt inom v\u00e5rdbranschen, har blivit mycket mer komplexa d\u00e5 sjukv\u00e5rdsanl\u00e4ggningar, statliga myndigheter, skolor, f\u00e4ngelser och andra organisationer har ett v\u00e4xande behov av kvalificerad v\u00e5rdpersonal. Samtidigt s\u00f6ker medarbetarna mer flexibilitet och kontroll \u00f6ver sina karri\u00e4rer. Vi erbjuder d\u00e4rf\u00f6r en smidig arbetsl\u00f6sning f\u00f6r arbetsgivaren samtidigt som vi tillgodoser den anst\u00e4lldes behov med [&hellip;]<\/p>\n","protected":false},"author":2,"featured_media":383,"parent":0,"menu_order":10,"comment_status":"closed","ping_status":"closed","template":"elementor_header_footer","meta":{"footnotes":""},"class_list":["post-1352","page","type-page","status-publish","has-post-thumbnail","hentry"],"_links":{"self":[{"href":"https:\/\/workforce-bemanning.se\/en\/wp-json\/wp\/v2\/pages\/1352","targetHints":{"allow":["GET"]}}],"collection":[{"href":"https:\/\/workforce-bemanning.se\/en\/wp-json\/wp\/v2\/pages"}],"about":[{"href":"https:\/\/workforce-bemanning.se\/en\/wp-json\/wp\/v2\/types\/page"}],"author":[{"embeddable":true,"href":"https:\/\/workforce-bemanning.se\/en\/wp-json\/wp\/v2\/users\/2"}],"replies":[{"embeddable":true,"href":"https:\/\/workforce-bemanning.se\/en\/wp-json\/wp\/v2\/comments?post=1352"}],"version-history":[{"count":15,"href":"https:\/\/workforce-bemanning.se\/en\/wp-json\/wp\/v2\/pages\/1352\/revisions"}],"predecessor-version":[{"id":2532,"href":"https:\/\/workforce-bemanning.se\/en\/wp-json\/wp\/v2\/pages\/1352\/revisions\/2532"}],"wp:featuredmedia":[{"embeddable":true,"href":"https:\/\/workforce-bemanning.se\/en\/wp-json\/wp\/v2\/media\/383"}],"wp:attachment":[{"href":"https:\/\/workforce-bemanning.se\/en\/wp-json\/wp\/v2\/media?parent=1352"}],"curies":[{"name":"wp","href":"https:\/\/api.w.org\/{rel}","templated":true}]}}