{"id":1153,"date":"2021-04-30T08:53:45","date_gmt":"2021-04-30T08:53:45","guid":{"rendered":"https:\/\/workforce-bemanning.se\/?page_id=1153"},"modified":"2021-06-23T11:35:44","modified_gmt":"2021-06-23T11:35:44","slug":"utlandsk-arbetskraft-i-byggbranschen","status":"publish","type":"page","link":"https:\/\/workforce-bemanning.se\/en\/foreign-workforce-in-the-construction-industry\/","title":{"rendered":"Foreign labor in the construction industry"},"content":{"rendered":"<div data-elementor-type=\"wp-page\" data-elementor-id=\"1153\" class=\"elementor elementor-1153\" data-elementor-post-type=\"page\">\n\t\t\t\t\t\t<section class=\"elementor-section elementor-top-section elementor-element elementor-element-24dc25f3 elementor-section-height-min-height animated-slow elementor-section-boxed elementor-section-height-default elementor-section-items-middle elementor-invisible\" data-id=\"24dc25f3\" data-element_type=\"section\" data-e-type=\"section\" data-settings=\"{&quot;background_background&quot;:&quot;classic&quot;,&quot;animation&quot;:&quot;fadeIn&quot;}\">\n\t\t\t\t\t\t\t<div class=\"elementor-background-overlay\"><\/div>\n\t\t\t\t\t\t\t<div class=\"elementor-container elementor-column-gap-default\">\n\t\t\t\t\t<div class=\"elementor-column elementor-col-100 elementor-top-column elementor-element elementor-element-63e1b946\" data-id=\"63e1b946\" data-element_type=\"column\" data-e-type=\"column\">\n\t\t\t<div class=\"elementor-widget-wrap elementor-element-populated\">\n\t\t\t\t\t\t<div class=\"elementor-element elementor-element-26531228 elementor-invisible elementor-widget elementor-widget-heading\" data-id=\"26531228\" data-element_type=\"widget\" data-e-type=\"widget\" data-settings=\"{&quot;_animation&quot;:&quot;fadeIn&quot;,&quot;_animation_delay&quot;:300}\" data-widget_type=\"heading.default\">\n\t\t\t\t<div class=\"elementor-widget-container\">\n\t\t\t\t\t<h1 class=\"elementor-heading-title elementor-size-default\">Foreign labor in the construction industry<\/h1>\t\t\t\t<\/div>\n\t\t\t\t<\/div>\n\t\t\t\t<div class=\"elementor-element elementor-element-4e9a09fd elementor-invisible elementor-widget elementor-widget-heading\" data-id=\"4e9a09fd\" data-element_type=\"widget\" data-e-type=\"widget\" data-settings=\"{&quot;_animation&quot;:&quot;fadeIn&quot;,&quot;_animation_delay&quot;:400}\" data-widget_type=\"heading.default\">\n\t\t\t\t<div class=\"elementor-widget-container\">\n\t\t\t\t\t<div class=\"elementor-heading-title elementor-size-default\">A skilled worker is a person with a specific competence as a result of education and knowledge. Obtaining a specific skill is a tough task \u2013 therefore it is not surprising that there is a great demand for qualified workers in the Swedish labor market and that many Swedish employers choose to hire foreign labor in the construction industry. <\/div>\t\t\t\t<\/div>\n\t\t\t\t<\/div>\n\t\t\t\t<div class=\"elementor-element elementor-element-ca2a77d elementor-widget__width-auto elementor-invisible elementor-widget elementor-widget-button\" data-id=\"ca2a77d\" data-element_type=\"widget\" data-e-type=\"widget\" data-settings=\"{&quot;_animation&quot;:&quot;fadeIn&quot;,&quot;_animation_delay&quot;:500}\" data-widget_type=\"button.default\">\n\t\t\t\t<div class=\"elementor-widget-container\">\n\t\t\t\t\t\t\t\t\t<div class=\"elementor-button-wrapper\">\n\t\t\t\t\t<a class=\"elementor-button elementor-button-link elementor-size-sm\" href=\"#kontakta-oss\">\n\t\t\t\t\t\t<span class=\"elementor-button-content-wrapper\">\n\t\t\t\t\t\t\t\t\t<span class=\"elementor-button-text\">Contact Us<\/span>\n\t\t\t\t\t<\/span>\n\t\t\t\t\t<\/a>\n\t\t\t\t<\/div>\n\t\t\t\t\t\t\t\t<\/div>\n\t\t\t\t<\/div>\n\t\t\t\t<div class=\"elementor-element elementor-element-6c64becf elementor-widget__width-auto elementor-invisible elementor-widget elementor-widget-button\" data-id=\"6c64becf\" data-element_type=\"widget\" data-e-type=\"widget\" data-settings=\"{&quot;_animation&quot;:&quot;fadeIn&quot;,&quot;_animation_delay&quot;:500}\" data-widget_type=\"button.default\">\n\t\t\t\t<div class=\"elementor-widget-container\">\n\t\t\t\t\t\t\t\t\t<div class=\"elementor-button-wrapper\">\n\t\t\t\t\t<a class=\"elementor-button elementor-button-link elementor-size-sm\" href=\"https:\/\/workforce-bemanning.se\/en\/the-quotation-request\/\">\n\t\t\t\t\t\t<span class=\"elementor-button-content-wrapper\">\n\t\t\t\t\t\t\t\t\t<span class=\"elementor-button-text\">Quotation request<\/span>\n\t\t\t\t\t<\/span>\n\t\t\t\t\t<\/a>\n\t\t\t\t<\/div>\n\t\t\t\t\t\t\t\t<\/div>\n\t\t\t\t<\/div>\n\t\t\t\t\t<\/div>\n\t\t<\/div>\n\t\t\t\t\t<\/div>\n\t\t<\/section>\n\t\t\t\t<section class=\"elementor-section elementor-top-section elementor-element elementor-element-694345bc elementor-section-boxed elementor-section-height-default elementor-section-height-default\" data-id=\"694345bc\" data-element_type=\"section\" data-e-type=\"section\">\n\t\t\t\t\t\t<div class=\"elementor-container elementor-column-gap-default\">\n\t\t\t\t\t<div class=\"elementor-column elementor-col-100 elementor-top-column elementor-element elementor-element-d36da4f\" data-id=\"d36da4f\" data-element_type=\"column\" data-e-type=\"column\">\n\t\t\t<div class=\"elementor-widget-wrap elementor-element-populated\">\n\t\t\t\t\t\t<section class=\"elementor-section elementor-inner-section elementor-element elementor-element-233858b elementor-section-content-middle elementor-section-boxed elementor-section-height-default elementor-section-height-default\" data-id=\"233858b\" data-element_type=\"section\" data-e-type=\"section\">\n\t\t\t\t\t\t<div class=\"elementor-container elementor-column-gap-default\">\n\t\t\t\t\t<div class=\"elementor-column elementor-col-50 elementor-inner-column elementor-element elementor-element-32287e6\" data-id=\"32287e6\" data-element_type=\"column\" data-e-type=\"column\">\n\t\t\t<div class=\"elementor-widget-wrap elementor-element-populated\">\n\t\t\t\t\t\t<div class=\"elementor-element elementor-element-c2ba2d4 elementor-widget elementor-widget-heading\" data-id=\"c2ba2d4\" data-element_type=\"widget\" data-e-type=\"widget\" data-widget_type=\"heading.default\">\n\t\t\t\t<div class=\"elementor-widget-container\">\n\t\t\t\t\t<h2 class=\"elementor-heading-title elementor-size-default\">Advantages of foreign labor in the construction industry<\/h2>\t\t\t\t<\/div>\n\t\t\t\t<\/div>\n\t\t\t\t<div class=\"elementor-element elementor-element-d05f444 elementor-widget elementor-widget-text-editor\" data-id=\"d05f444\" data-element_type=\"widget\" data-e-type=\"widget\" data-widget_type=\"text-editor.default\">\n\t\t\t\t<div class=\"elementor-widget-container\">\n\t\t\t\t\t\t\t\t\t<h3 class=\"western\">Foreign labor is often cheaper than Swedish labor<\/h3><p>There are comparatively more job opportunities in economically stronger countries such as Sweden, and these opportunities attract competent foreign workers who often demand less compensation for their work than Swedish ones.<\/p><h3 class=\"western\">Educated and experienced potential workers to choose from<\/h3><p>The baby boomer generation is gradually retiring. As a result, baby boomers&#039; former jobs remain vacant due to a lack of experience in the current generation.<\/p><p>This reinforces the demand for skilled work in various fields, including the construction industry. This demand has grown at an enormous rate over the decade. As a result, Swedish employers look forward to being able to hire skilled labor from different countries.<\/p>\t\t\t\t\t\t\t\t<\/div>\n\t\t\t\t<\/div>\n\t\t\t\t\t<\/div>\n\t\t<\/div>\n\t\t\t\t<div class=\"elementor-column elementor-col-50 elementor-inner-column elementor-element elementor-element-c02a0da\" data-id=\"c02a0da\" data-element_type=\"column\" data-e-type=\"column\">\n\t\t\t<div class=\"elementor-widget-wrap elementor-element-populated\">\n\t\t\t\t\t\t<div class=\"elementor-element elementor-element-0a197e3 elementor-widget elementor-widget-image\" data-id=\"0a197e3\" data-element_type=\"widget\" data-e-type=\"widget\" data-widget_type=\"image.default\">\n\t\t\t\t<div class=\"elementor-widget-container\">\n\t\t\t\t\t\t\t\t\t\t\t\t\t\t\t<img fetchpriority=\"high\" decoding=\"async\" width=\"800\" height=\"532\" src=\"https:\/\/workforce-bemanning.se\/wp-content\/uploads\/2020\/11\/home-lagerpersonal-1-1024x681.jpg\" class=\"attachment-large size-large wp-image-402\" alt=\"staffing &amp; recruitment warehouse\" srcset=\"https:\/\/workforce-bemanning.se\/wp-content\/uploads\/2020\/11\/home-lagerpersonal-1-1024x681.jpg 1024w, https:\/\/workforce-bemanning.se\/wp-content\/uploads\/2020\/11\/home-lagerpersonal-1-300x200.jpg 300w, https:\/\/workforce-bemanning.se\/wp-content\/uploads\/2020\/11\/home-lagerpersonal-1-768x511.jpg 768w, https:\/\/workforce-bemanning.se\/wp-content\/uploads\/2020\/11\/home-lagerpersonal-1-1536x1022.jpg 1536w, https:\/\/workforce-bemanning.se\/wp-content\/uploads\/2020\/11\/home-lagerpersonal-1.jpg 2000w\" sizes=\"(max-width: 800px) 100vw, 800px\" title=\"\">\t\t\t\t\t\t\t\t\t\t\t\t\t\t\t<\/div>\n\t\t\t\t<\/div>\n\t\t\t\t\t<\/div>\n\t\t<\/div>\n\t\t\t\t\t<\/div>\n\t\t<\/section>\n\t\t\t\t<section class=\"elementor-section elementor-inner-section elementor-element elementor-element-3d266c5 elementor-section-content-middle elementor-section-boxed elementor-section-height-default elementor-section-height-default\" data-id=\"3d266c5\" data-element_type=\"section\" data-e-type=\"section\">\n\t\t\t\t\t\t<div class=\"elementor-container elementor-column-gap-default\">\n\t\t\t\t\t<div class=\"elementor-column elementor-col-50 elementor-inner-column elementor-element elementor-element-9875a1e\" data-id=\"9875a1e\" data-element_type=\"column\" data-e-type=\"column\">\n\t\t\t<div class=\"elementor-widget-wrap elementor-element-populated\">\n\t\t\t\t\t\t<div class=\"elementor-element elementor-element-e9e9f7d elementor-widget elementor-widget-image\" data-id=\"e9e9f7d\" data-element_type=\"widget\" data-e-type=\"widget\" data-widget_type=\"image.default\">\n\t\t\t\t<div class=\"elementor-widget-container\">\n\t\t\t\t\t\t\t\t\t\t\t\t\t\t\t<img decoding=\"async\" width=\"800\" height=\"533\" src=\"https:\/\/workforce-bemanning.se\/wp-content\/uploads\/2020\/11\/home-bygg-1-1024x682.jpg\" class=\"attachment-large size-large wp-image-395\" alt=\"staffing construction\" srcset=\"https:\/\/workforce-bemanning.se\/wp-content\/uploads\/2020\/11\/home-bygg-1-1024x682.jpg 1024w, https:\/\/workforce-bemanning.se\/wp-content\/uploads\/2020\/11\/home-bygg-1-300x200.jpg 300w, https:\/\/workforce-bemanning.se\/wp-content\/uploads\/2020\/11\/home-bygg-1-768x512.jpg 768w, https:\/\/workforce-bemanning.se\/wp-content\/uploads\/2020\/11\/home-bygg-1-1536x1024.jpg 1536w, https:\/\/workforce-bemanning.se\/wp-content\/uploads\/2020\/11\/home-bygg-1.jpg 2000w\" sizes=\"(max-width: 800px) 100vw, 800px\" title=\"\">\t\t\t\t\t\t\t\t\t\t\t\t\t\t\t<\/div>\n\t\t\t\t<\/div>\n\t\t\t\t\t<\/div>\n\t\t<\/div>\n\t\t\t\t<div class=\"elementor-column elementor-col-50 elementor-inner-column elementor-element elementor-element-f2355da\" data-id=\"f2355da\" data-element_type=\"column\" data-e-type=\"column\">\n\t\t\t<div class=\"elementor-widget-wrap elementor-element-populated\">\n\t\t\t\t\t\t<div class=\"elementor-element elementor-element-9fe094a elementor-widget elementor-widget-text-editor\" data-id=\"9fe094a\" data-element_type=\"widget\" data-e-type=\"widget\" data-widget_type=\"text-editor.default\">\n\t\t\t\t<div class=\"elementor-widget-container\">\n\t\t\t\t\t\t\t\t\t<h3 class=\"western\">Unfilled positions can be filled with foreign workers<\/h3><p>There is a great demand for skilled labor in construction. But in Sweden, for economic reasons, there are so many job opportunities that many Swedes do not choose to apply for certain manual jobs, which is not the case in some other countries where construction work has a higher status on the job market.<\/p><p>Working in remote regions is another thing that people try to stay away from. This is due to the lack of modern technology and facilities in the area. Thus, many Swedish companies choose foreign talent to complete these jobs.<\/p><h3 class=\"western\">Many foreign workers strive to be able to live in Sweden<\/h3><p>Many foreign workers have immigrated to Sweden to be better off financially, which makes them willing and driven in their work for a Swedish company as they consider their work as a mission, or even a kind of blessing. This can lead to high work ethic and jobs well done. Contact us to find out how you too can employ qualified foreign labor in the construction industry.<\/p><h3 class=\"western\">Cultural diversity means a lot in business and foreign workers are the link<\/h3><p>Employers who want to expand their reach by expanding to other countries must have a good network of contacts in the chosen country. They also learn about the foreign market. Therefore, employing foreign workers can provide an insight into the construction industry and its stage of development.<\/p><p>In addition, this also helps in cultural understanding and better representation of oneself in another market. After all, having extra in-house help always proves beneficial.<\/p>\t\t\t\t\t\t\t\t<\/div>\n\t\t\t\t<\/div>\n\t\t\t\t\t<\/div>\n\t\t<\/div>\n\t\t\t\t\t<\/div>\n\t\t<\/section>\n\t\t\t\t<section class=\"elementor-section elementor-inner-section elementor-element elementor-element-3023eb7b elementor-section-full_width elementor-section-content-middle elementor-section-height-default elementor-section-height-default\" data-id=\"3023eb7b\" data-element_type=\"section\" data-e-type=\"section\">\n\t\t\t\t\t\t<div class=\"elementor-container elementor-column-gap-extended\">\n\t\t\t\t\t<div class=\"elementor-column elementor-col-50 elementor-inner-column elementor-element elementor-element-9b5a97e\" data-id=\"9b5a97e\" data-element_type=\"column\" data-e-type=\"column\">\n\t\t\t<div class=\"elementor-widget-wrap elementor-element-populated\">\n\t\t\t\t\t\t<div class=\"elementor-element elementor-element-38b3db7 elementor-widget elementor-widget-heading\" data-id=\"38b3db7\" data-element_type=\"widget\" data-e-type=\"widget\" data-widget_type=\"heading.default\">\n\t\t\t\t<div class=\"elementor-widget-container\">\n\t\t\t\t\t<h2 class=\"elementor-heading-title elementor-size-default\">Are you looking for foreign labor in the construction industry?<\/h2>\t\t\t\t<\/div>\n\t\t\t\t<\/div>\n\t\t\t\t<div class=\"elementor-element elementor-element-0430f34 elementor-widget elementor-widget-text-editor\" data-id=\"0430f34\" data-element_type=\"widget\" data-e-type=\"widget\" data-widget_type=\"text-editor.default\">\n\t\t\t\t<div class=\"elementor-widget-container\">\n\t\t\t\t\t\t\t\t\t<p>WorkForce is one of the leading recruitment agencies in Sweden for foreign labor in the construction industry. Through WorkForce, you have the chance to hire talented foreign construction workers from our pool of candidates. We have knowledge of the market and know where and how to find the most suitable candidates.<\/p><h3 class=\"western\">WorkForce works with foreign staffing in the construction industry<\/h3><p>Foreign staff gives you direct access to foreign labor markets. All construction workers we recruit for you have the appropriate qualifications, work experience and references. Translations of their documentation can be made available if needed.<\/p><h3 class=\"western\">Rules for foreign labor in the construction sector<\/h3><p><a name=\"_GoBack\"><\/a> The construction industry currently needs foreign labor to fulfill its main mission, but not all staffing companies in Sweden that recruit foreign labor respect Swedish laws and labor regulations. According to a new law, all construction workers who establish themselves in Sweden and all who work more than 45 days in the country in a year must pay tax here, i.e. not in their home country. However, the same conditions apply to social insurance and employer contributions as in the case of Swedish construction workers, according to a new law that came into force at the beginning of 2021.<\/p>\t\t\t\t\t\t\t\t<\/div>\n\t\t\t\t<\/div>\n\t\t\t\t\t<\/div>\n\t\t<\/div>\n\t\t\t\t<div class=\"elementor-column elementor-col-50 elementor-inner-column elementor-element elementor-element-016fac7\" data-id=\"016fac7\" data-element_type=\"column\" data-e-type=\"column\">\n\t\t\t<div class=\"elementor-widget-wrap elementor-element-populated\">\n\t\t\t\t\t\t<div class=\"elementor-element elementor-element-cfbfc9f elementor-widget elementor-widget-image\" data-id=\"cfbfc9f\" data-element_type=\"widget\" data-e-type=\"widget\" data-widget_type=\"image.default\">\n\t\t\t\t<div class=\"elementor-widget-container\">\n\t\t\t\t\t\t\t\t\t\t\t\t\t\t\t<img decoding=\"async\" width=\"800\" height=\"533\" src=\"https:\/\/workforce-bemanning.se\/wp-content\/uploads\/2020\/11\/home-industri-1-1024x682.jpg\" class=\"attachment-large size-large wp-image-399\" alt=\"staffing and recruitment\" srcset=\"https:\/\/workforce-bemanning.se\/wp-content\/uploads\/2020\/11\/home-industri-1-1024x682.jpg 1024w, https:\/\/workforce-bemanning.se\/wp-content\/uploads\/2020\/11\/home-industri-1-300x200.jpg 300w, https:\/\/workforce-bemanning.se\/wp-content\/uploads\/2020\/11\/home-industri-1-768x512.jpg 768w, https:\/\/workforce-bemanning.se\/wp-content\/uploads\/2020\/11\/home-industri-1-1536x1024.jpg 1536w, https:\/\/workforce-bemanning.se\/wp-content\/uploads\/2020\/11\/home-industri-1.jpg 2000w\" sizes=\"(max-width: 800px) 100vw, 800px\" title=\"\">\t\t\t\t\t\t\t\t\t\t\t\t\t\t\t<\/div>\n\t\t\t\t<\/div>\n\t\t\t\t\t<\/div>\n\t\t<\/div>\n\t\t\t\t\t<\/div>\n\t\t<\/section>\n\t\t\t\t\t<\/div>\n\t\t<\/div>\n\t\t\t\t\t<\/div>\n\t\t<\/section>\n\t\t\t\t<section class=\"elementor-section elementor-top-section elementor-element elementor-element-7de93e47 elementor-section-full_width elementor-section-content-middle elementor-section-height-default elementor-section-height-default\" data-id=\"7de93e47\" data-element_type=\"section\" data-e-type=\"section\">\n\t\t\t\t\t\t<div class=\"elementor-container elementor-column-gap-no\">\n\t\t\t\t\t<div class=\"elementor-column elementor-col-50 elementor-top-column elementor-element elementor-element-75e1384\" data-id=\"75e1384\" data-element_type=\"column\" data-e-type=\"column\">\n\t\t\t<div class=\"elementor-widget-wrap elementor-element-populated\">\n\t\t\t\t\t\t<div class=\"elementor-element elementor-element-5dc09bb1 elementor-widget elementor-widget-image\" data-id=\"5dc09bb1\" data-element_type=\"widget\" data-e-type=\"widget\" data-widget_type=\"image.default\">\n\t\t\t\t<div class=\"elementor-widget-container\">\n\t\t\t\t\t\t\t\t\t\t\t\t\t\t\t<img loading=\"lazy\" decoding=\"async\" width=\"768\" height=\"512\" src=\"https:\/\/workforce-bemanning.se\/wp-content\/uploads\/2020\/11\/home-contact-1-768x512.jpg\" class=\"attachment-medium_large size-medium_large wp-image-410\" alt=\"staffing &amp; recruitment workforce staffing\" srcset=\"https:\/\/workforce-bemanning.se\/wp-content\/uploads\/2020\/11\/home-contact-1-768x512.jpg 768w, https:\/\/workforce-bemanning.se\/wp-content\/uploads\/2020\/11\/home-contact-1-300x200.jpg 300w, https:\/\/workforce-bemanning.se\/wp-content\/uploads\/2020\/11\/home-contact-1-1024x682.jpg 1024w, https:\/\/workforce-bemanning.se\/wp-content\/uploads\/2020\/11\/home-contact-1-1536x1024.jpg 1536w, https:\/\/workforce-bemanning.se\/wp-content\/uploads\/2020\/11\/home-contact-1.jpg 2000w\" sizes=\"(max-width: 768px) 100vw, 768px\" title=\"\">\t\t\t\t\t\t\t\t\t\t\t\t\t\t\t<\/div>\n\t\t\t\t<\/div>\n\t\t\t\t\t<\/div>\n\t\t<\/div>\n\t\t\t\t<div class=\"elementor-column elementor-col-50 elementor-top-column elementor-element elementor-element-71eb15f2\" data-id=\"71eb15f2\" data-element_type=\"column\" data-e-type=\"column\" data-settings=\"{&quot;background_background&quot;:&quot;classic&quot;}\">\n\t\t\t<div class=\"elementor-widget-wrap elementor-element-populated\">\n\t\t\t\t\t\t<section class=\"elementor-section elementor-inner-section elementor-element elementor-element-43d32b9f elementor-section-boxed elementor-section-height-default elementor-section-height-default\" data-id=\"43d32b9f\" data-element_type=\"section\" data-e-type=\"section\">\n\t\t\t\t\t\t<div class=\"elementor-container elementor-column-gap-no\">\n\t\t\t\t\t<div class=\"elementor-column elementor-col-100 elementor-inner-column elementor-element elementor-element-590859b5\" data-id=\"590859b5\" data-element_type=\"column\" data-e-type=\"column\">\n\t\t\t<div class=\"elementor-widget-wrap elementor-element-populated\">\n\t\t\t\t\t\t<div class=\"elementor-element elementor-element-70da8258 elementor-widget elementor-widget-text-editor\" data-id=\"70da8258\" data-element_type=\"widget\" data-e-type=\"widget\" data-widget_type=\"text-editor.default\">\n\t\t\t\t<div class=\"elementor-widget-container\">\n\t\t\t\t\t\t\t\t\t<h2 class=\"western\">Contact us already today<\/h2><p>Do not hesitate to contact us at WorkForce to <b>start your recruitment!<\/b>\u00a0<\/p>\t\t\t\t\t\t\t\t<\/div>\n\t\t\t\t<\/div>\n\t\t\t\t<div class=\"elementor-element elementor-element-29c8286e elementor-mobile-align-left elementor-widget__width-auto elementor-widget elementor-widget-button\" data-id=\"29c8286e\" data-element_type=\"widget\" data-e-type=\"widget\" data-widget_type=\"button.default\">\n\t\t\t\t<div class=\"elementor-widget-container\">\n\t\t\t\t\t\t\t\t\t<div class=\"elementor-button-wrapper\">\n\t\t\t\t\t<a class=\"elementor-button elementor-button-link elementor-size-sm\" href=\"#kontakta-oss\">\n\t\t\t\t\t\t<span class=\"elementor-button-content-wrapper\">\n\t\t\t\t\t\t\t\t\t<span class=\"elementor-button-text\">Contact Us<\/span>\n\t\t\t\t\t<\/span>\n\t\t\t\t\t<\/a>\n\t\t\t\t<\/div>\n\t\t\t\t\t\t\t\t<\/div>\n\t\t\t\t<\/div>\n\t\t\t\t<div class=\"elementor-element elementor-element-3a50fa32 elementor-widget__width-auto elementor-icon-list--layout-traditional elementor-list-item-link-full_width elementor-widget elementor-widget-icon-list\" data-id=\"3a50fa32\" data-element_type=\"widget\" data-e-type=\"widget\" data-widget_type=\"icon-list.default\">\n\t\t\t\t<div class=\"elementor-widget-container\">\n\t\t\t\t\t\t\t<ul class=\"elementor-icon-list-items\">\n\t\t\t\t\t\t\t<li class=\"elementor-icon-list-item\">\n\t\t\t\t\t\t\t\t\t\t\t<a href=\"mailto:info@workforce.lv\">\n\n\t\t\t\t\t\t\t\t\t\t\t\t<span class=\"elementor-icon-list-icon\">\n\t\t\t\t\t\t\t<i aria-hidden=\"true\" class=\"far fa-envelope\"><\/i>\t\t\t\t\t\t<\/span>\n\t\t\t\t\t\t\t\t\t\t<span class=\"elementor-icon-list-text\">info@workforce.lv<\/span>\n\t\t\t\t\t\t\t\t\t\t\t<\/a>\n\t\t\t\t\t\t\t\t\t<\/li>\n\t\t\t\t\t\t<\/ul>\n\t\t\t\t\t\t<\/div>\n\t\t\t\t<\/div>\n\t\t\t\t\t<\/div>\n\t\t<\/div>\n\t\t\t\t\t<\/div>\n\t\t<\/section>\n\t\t\t\t\t<\/div>\n\t\t<\/div>\n\t\t\t\t\t<\/div>\n\t\t<\/section>\n\t\t\t\t<\/div>","protected":false},"excerpt":{"rendered":"<p>Utl\u00e4ndsk arbetskraft i byggbranschen En skicklig arbetare \u00e4r en person med en specifik kompetens till f\u00f6ljd av utbildning och kunskap. Att f\u00e5 en specifik skicklighet \u00e4r en tuff uppgift \u2013 d\u00e4rf\u00f6r \u00e4r det inte \u00f6verraskande att det finns stor efterfr\u00e5gan efter kvalificerade arbetare p\u00e5 den svenska arbetsmarknaden och att m\u00e5nga svenska arbetsgivare v\u00e4ljer att anlita [&hellip;]<\/p>\n","protected":false},"author":2,"featured_media":0,"parent":0,"menu_order":10,"comment_status":"closed","ping_status":"closed","template":"elementor_header_footer","meta":{"footnotes":""},"class_list":["post-1153","page","type-page","status-publish","hentry"],"_links":{"self":[{"href":"https:\/\/workforce-bemanning.se\/en\/wp-json\/wp\/v2\/pages\/1153","targetHints":{"allow":["GET"]}}],"collection":[{"href":"https:\/\/workforce-bemanning.se\/en\/wp-json\/wp\/v2\/pages"}],"about":[{"href":"https:\/\/workforce-bemanning.se\/en\/wp-json\/wp\/v2\/types\/page"}],"author":[{"embeddable":true,"href":"https:\/\/workforce-bemanning.se\/en\/wp-json\/wp\/v2\/users\/2"}],"replies":[{"embeddable":true,"href":"https:\/\/workforce-bemanning.se\/en\/wp-json\/wp\/v2\/comments?post=1153"}],"version-history":[{"count":8,"href":"https:\/\/workforce-bemanning.se\/en\/wp-json\/wp\/v2\/pages\/1153\/revisions"}],"predecessor-version":[{"id":1464,"href":"https:\/\/workforce-bemanning.se\/en\/wp-json\/wp\/v2\/pages\/1153\/revisions\/1464"}],"wp:attachment":[{"href":"https:\/\/workforce-bemanning.se\/en\/wp-json\/wp\/v2\/media?parent=1153"}],"curies":[{"name":"wp","href":"https:\/\/api.w.org\/{rel}","templated":true}]}}